{"id":790,"date":"2024-08-18T15:52:37","date_gmt":"2024-08-18T15:52:37","guid":{"rendered":"http:\/\/sandysun.eu\/?page_id=790"},"modified":"2024-08-18T16:03:59","modified_gmt":"2024-08-18T16:03:59","slug":"lis-tes-ratures","status":"publish","type":"page","link":"https:\/\/sandysun.eu\/?page_id=790","title":{"rendered":"Lis tes ratures"},"content":{"rendered":"<p style=\"text-align: justify;\"><strong>Textes et lecture : Sandy Sun<\/strong><\/p>\n<h6 style=\"text-align: justify;\"><a href=\"http:\/\/sandysun.eu\/wp-content\/uploads\/2024\/08\/Capture-d\u2019e\u0301cran-2024-08-02-a\u0300-10.39.47.png\"><img loading=\"lazy\" decoding=\"async\" class=\"alignnone  wp-image-796\" src=\"http:\/\/sandysun.eu\/wp-content\/uploads\/2024\/08\/Capture-d\u2019e\u0301cran-2024-08-02-a\u0300-10.39.47-300x200.png\" alt=\"Capture d\u2019e\u0301cran 2024-08-02 a\u0300 10.39.47\" width=\"470\" height=\"313\" srcset=\"https:\/\/sandysun.eu\/wp-content\/uploads\/2024\/08\/Capture-d\u2019e\u0301cran-2024-08-02-a\u0300-10.39.47-300x200.png 300w, https:\/\/sandysun.eu\/wp-content\/uploads\/2024\/08\/Capture-d\u2019e\u0301cran-2024-08-02-a\u0300-10.39.47-1024x683.png 1024w, https:\/\/sandysun.eu\/wp-content\/uploads\/2024\/08\/Capture-d\u2019e\u0301cran-2024-08-02-a\u0300-10.39.47.png 1382w\" sizes=\"auto, (max-width: 470px) 100vw, 470px\" \/><\/a><br \/>\nPhoto Marc Ginot<\/h6>\n<p style=\"text-align: justify;\">Une tr\u00e8s jeune femme assise \u00e0 cette petite table de rien : elle \u00e9crit. Jeune maintenant, puis dans la forge de l\u2019\u00e2ge, puis m\u00fbre et vieillie, \u00e7a ne change rien, elle \u00e9crit. Sur le plateau, je parle d\u2019un th\u00e9\u00e2tre, toujours assise \u00e0 cette m\u00eame table, rassur\u00e9e, elle sourit car des pendrillons d\u00e9passent des piles de cahiers, de dossiers, de chemises, class\u00e9es, \u00e9tiquet\u00e9es, dat\u00e9es, 1976, 1977, &#8230; 2023, 2024. Tout est soigneusement rang\u00e9. Elle va d\u00e9tacher, ouvrir, lib\u00e9rer tous ces textes enferm\u00e9s, tass\u00e9s dont la fra\u00eecheur et l\u2019\u00e9nergie intactes ne souhaitent que vous atteindre.<\/p>\n<p style=\"text-align: justify;\"><em>\u00ab\u00a0Rentrer dans l\u2019\u00e9criture de Sandy Sun c\u2019est visiter un immense chantier, une mine \u00e0 ciel ouvert remplie d\u2019\u00e9l\u00e9ments pr\u00e9cieux, gisements de textes, filons de phrases, simples \u00e9clats de mots, o\u00f9 les lettres s\u2019assemblent et jouent de leurs figures et consonances, construisant des images ou des r\u00eaves, avec la simplicit\u00e9 apparente et confondante des acrobaties virtuoses que son corps trace dans l\u2019air et l\u2019espace autour de son trap\u00e8ze.\u00a0\u00bb PhG<br \/>\n<\/em><\/p>\n","protected":false},"excerpt":{"rendered":"<p>Textes et lecture : Sandy Sun Photo Marc Ginot Une tr\u00e8s jeune femme assise \u00e0 cette petite table de rien : elle \u00e9crit. Jeune maintenant, puis dans la forge de l\u2019\u00e2ge, puis m\u00fbre et vieillie, \u00e7a ne change rien, elle &hellip; <a href=\"https:\/\/sandysun.eu\/?page_id=790\">Continuer la lecture <span class=\"meta-nav\">&rarr;<\/span><\/a><\/p>\n","protected":false},"author":1,"featured_media":0,"parent":0,"menu_order":0,"comment_status":"open","ping_status":"open","template":"","meta":{"footnotes":""},"class_list":["post-790","page","type-page","status-publish","hentry"],"_links":{"self":[{"href":"https:\/\/sandysun.eu\/index.php?rest_route=\/wp\/v2\/pages\/790","targetHints":{"allow":["GET"]}}],"collection":[{"href":"https:\/\/sandysun.eu\/index.php?rest_route=\/wp\/v2\/pages"}],"about":[{"href":"https:\/\/sandysun.eu\/index.php?rest_route=\/wp\/v2\/types\/page"}],"author":[{"embeddable":true,"href":"https:\/\/sandysun.eu\/index.php?rest_route=\/wp\/v2\/users\/1"}],"replies":[{"embeddable":true,"href":"https:\/\/sandysun.eu\/index.php?rest_route=%2Fwp%2Fv2%2Fcomments&post=790"}],"version-history":[{"count":7,"href":"https:\/\/sandysun.eu\/index.php?rest_route=\/wp\/v2\/pages\/790\/revisions"}],"predecessor-version":[{"id":801,"href":"https:\/\/sandysun.eu\/index.php?rest_route=\/wp\/v2\/pages\/790\/revisions\/801"}],"wp:attachment":[{"href":"https:\/\/sandysun.eu\/index.php?rest_route=%2Fwp%2Fv2%2Fmedia&parent=790"}],"curies":[{"name":"wp","href":"https:\/\/api.w.org\/{rel}","templated":true}]}}