{"id":676,"date":"2021-03-31T06:50:36","date_gmt":"2021-03-31T06:50:36","guid":{"rendered":"http:\/\/sandysun.eu\/?page_id=676"},"modified":"2025-11-02T17:02:51","modified_gmt":"2025-11-02T17:02:51","slug":"recherche","status":"publish","type":"page","link":"https:\/\/sandysun.eu\/?page_id=676","title":{"rendered":"Publications"},"content":{"rendered":"<p><a href=\"http:\/\/sandysun.eu\/wp-content\/uploads\/2025\/11\/Sandy-Sun_Publications_Update112025.pdf\">Voir les publications<\/a><\/p>\n<p>Sandy Sun contribue depuis plusieurs ann\u00e9es aux recherches scientifiques sur le cirque. Titulaire du Dipl\u00f4me d\u2019Etat de Professeur de cirque, charg\u00e9e de cours \u00e0 l\u2019universit\u00e9, artiste associ\u00e9e au programme\u00a0\u00ab\u00a0Circus Arts&amp;Sciences\u00a0\u00bb de l\u2019Universit\u00e9 Montpellier 3 en France, elle est r\u00e9guli\u00e8rement sollicit\u00e9e comme conf\u00e9renci\u00e8re invit\u00e9e, par des universit\u00e9s et d\u2019autres institutions, pour des colloques, workshops ou encore des jurys. Ses domaines sont : histoire et esth\u00e9tique du cirque, bioengeenering of trapeze performances and aerial acrobatics, pr\u00e9vention en acrobatie a\u00e9rienne.\u00a0 Elle intervient aussi sur d\u2019autres sujets li\u00e9s au cabaret, aux \u00ab\u00a0vari\u00e9t\u00e9s\u00a0\u00bb, au music-hall ou au cirque.<\/p>\n<p>&nbsp;<\/p>\n","protected":false},"excerpt":{"rendered":"<p>Voir les publications Sandy Sun contribue depuis plusieurs ann\u00e9es aux recherches scientifiques sur le cirque. Titulaire du Dipl\u00f4me d\u2019Etat de Professeur de cirque, charg\u00e9e de cours \u00e0 l\u2019universit\u00e9, artiste associ\u00e9e au programme\u00a0\u00ab\u00a0Circus Arts&amp;Sciences\u00a0\u00bb de l\u2019Universit\u00e9 Montpellier 3 en France, elle &hellip; <a href=\"https:\/\/sandysun.eu\/?page_id=676\">Continuer la lecture <span class=\"meta-nav\">&rarr;<\/span><\/a><\/p>\n","protected":false},"author":1,"featured_media":0,"parent":0,"menu_order":0,"comment_status":"open","ping_status":"open","template":"","meta":{"footnotes":""},"class_list":["post-676","page","type-page","status-publish","hentry"],"_links":{"self":[{"href":"https:\/\/sandysun.eu\/index.php?rest_route=\/wp\/v2\/pages\/676","targetHints":{"allow":["GET"]}}],"collection":[{"href":"https:\/\/sandysun.eu\/index.php?rest_route=\/wp\/v2\/pages"}],"about":[{"href":"https:\/\/sandysun.eu\/index.php?rest_route=\/wp\/v2\/types\/page"}],"author":[{"embeddable":true,"href":"https:\/\/sandysun.eu\/index.php?rest_route=\/wp\/v2\/users\/1"}],"replies":[{"embeddable":true,"href":"https:\/\/sandysun.eu\/index.php?rest_route=%2Fwp%2Fv2%2Fcomments&post=676"}],"version-history":[{"count":11,"href":"https:\/\/sandysun.eu\/index.php?rest_route=\/wp\/v2\/pages\/676\/revisions"}],"predecessor-version":[{"id":682,"href":"https:\/\/sandysun.eu\/index.php?rest_route=\/wp\/v2\/pages\/676\/revisions\/682"}],"wp:attachment":[{"href":"https:\/\/sandysun.eu\/index.php?rest_route=%2Fwp%2Fv2%2Fmedia&parent=676"}],"curies":[{"name":"wp","href":"https:\/\/api.w.org\/{rel}","templated":true}]}}