{"id":67,"date":"2015-01-28T17:25:53","date_gmt":"2015-01-28T17:25:53","guid":{"rendered":"http:\/\/sandysun.eu\/?page_id=67"},"modified":"2024-05-19T19:28:47","modified_gmt":"2024-05-19T19:28:47","slug":"online-documents","status":"publish","type":"page","link":"https:\/\/sandysun.eu\/?page_id=67","title":{"rendered":"Online documents"},"content":{"rendered":"<p><a href=\"https:\/\/documentation.artcena.fr\/Default\/search.aspx?SC=DEFAULT1&amp;QUERY=*#\/Search\/(query:(CloudTerms:!(),ForceSearch:!t,Grid:!n,InitialSearch:!t,Page:0,PageRange:3,QueryGuid:'',QueryString:'sandy%20sun',ResultSize:-1,ScenarioCode:DEFAULT1,ScenarioDisplayMode:display-standard,SearchContext:0,SearchGridFieldsShownOnResultsDTO:!((Id:152,Label:'Version%20num%C3%A9rique')),SearchLabel:'',SearchTerms:'',SortField:!n,TemplateParams:(Scenario:'',Scope:Default,Size:!n,Source:'',Support:'',UseCompact:!f),UseSpellChecking:!n),sst:4)\">\u00a0Sandy Sun sur Artcena<\/a><\/p>\n<p><a href=\"https:\/\/documentation.artcena.fr\/Default\/doc\/SYRACUSE\/83803\/sun-sandy-et-delphine-gaillard-attitre-projet-sacd-numero-s-neuf-s\">Sandy Sun et Delphine Gaillard<\/a><\/p>\n<p><a href=\"http:\/\/cirque-cnac.bnf.fr\/fr\/sandy-sun-trap%C3%A8ze-fixe\">Sandy Sun interview\u00e9e par Anne Quentin <\/a>pour l&rsquo;Anthologie Disciplinaire des Arts du Cirque (12_2016) Vid\u00e9o<\/p>\n<p><a href=\"https:\/\/youtu.be\/Qks_-syJn30\">Attitr\u00e9 <\/a>(un film de Badreddine Mokrani \u2013 pour \u00ab\u00a0Num\u00e9ro(s) Neuf(s) SACD \u2013 2005 \u2013 25mn)<\/p>\n<p><a href=\"https:\/\/www.youtube.com\/watch?v=dbLaHwOYH1Q\">Sandy Sun M\u00e9daille d&rsquo;or au Festival Mondial du Cirque de Demain<\/a> ( France T\u00e9l\u00e9vision, 1980) vid\u00e9o<\/p>\n<p><a href=\"http:\/\/youtu.be\/YSS7TIlIs9c\">Sandy Sun Prize-winner of \u00ab\u00a0Fondation Marcel Bleustein-Blanchet pour la Vocation\u00a0\u00bb<\/a>, (presented by Michel Drucker Th\u00e9\u00e2tre de l\u2019Empire &#8211; Paris, Antenne 2, 1984) video<\/p>\n<p><a href=\"http:\/\/www.rueetcirque.fr\/app\/photopro.sk\/hlm\/detail?docid=223860&amp;rsid=628782&amp;pos=4&amp;psort=realdate:D&amp;pitemsperpage=20&amp;ppage=1&amp;pbase=*&amp;target=doclist\">Sandu Sun \u00e0 l&rsquo;\u00e9mission \u00ab\u00a0Les dossiers de l\u2019\u00e9cran\u00a0\u00bb <\/a>(interview, 1989) vid\u00e9o<\/p>\n<p><a href=\"http:\/\/youtu.be\/Tu5EmhjUHvU\">Sandy Sun au Tigerpalast Variet\u00e9 Theater Frankfurt<\/a> (ARD Hessischer Rundfunk, juin 1990) vid\u00e9o<\/p>\n<p><a href=\"http:\/\/youtu.be\/i6P4T8lhM7g\">Sandy Sun at Circus Roncalli Vienne<\/a> ( OFR TV studio, 1992) video<\/p>\n<p><a href=\"https:\/\/youtu.be\/6m8a6QxSWIU\">Sandy Sun for Circus Roncalli <\/a>(ZDF-Fernsehgarten, Maintz, 1993) video<\/p>\n<p>&nbsp;<\/p>\n","protected":false},"excerpt":{"rendered":"<p>\u00a0Sandy Sun sur Artcena Sandy Sun et Delphine Gaillard Sandy Sun interview\u00e9e par Anne Quentin pour l&rsquo;Anthologie Disciplinaire des Arts du Cirque (12_2016) Vid\u00e9o Attitr\u00e9 (un film de Badreddine Mokrani \u2013 pour \u00ab\u00a0Num\u00e9ro(s) Neuf(s) SACD \u2013 2005 \u2013 25mn) Sandy &hellip; <a href=\"https:\/\/sandysun.eu\/?page_id=67\">Continuer la lecture <span class=\"meta-nav\">&rarr;<\/span><\/a><\/p>\n","protected":false},"author":1,"featured_media":0,"parent":0,"menu_order":0,"comment_status":"closed","ping_status":"open","template":"","meta":{"footnotes":""},"class_list":["post-67","page","type-page","status-publish","hentry"],"_links":{"self":[{"href":"https:\/\/sandysun.eu\/index.php?rest_route=\/wp\/v2\/pages\/67","targetHints":{"allow":["GET"]}}],"collection":[{"href":"https:\/\/sandysun.eu\/index.php?rest_route=\/wp\/v2\/pages"}],"about":[{"href":"https:\/\/sandysun.eu\/index.php?rest_route=\/wp\/v2\/types\/page"}],"author":[{"embeddable":true,"href":"https:\/\/sandysun.eu\/index.php?rest_route=\/wp\/v2\/users\/1"}],"replies":[{"embeddable":true,"href":"https:\/\/sandysun.eu\/index.php?rest_route=%2Fwp%2Fv2%2Fcomments&post=67"}],"version-history":[{"count":28,"href":"https:\/\/sandysun.eu\/index.php?rest_route=\/wp\/v2\/pages\/67\/revisions"}],"predecessor-version":[{"id":210,"href":"https:\/\/sandysun.eu\/index.php?rest_route=\/wp\/v2\/pages\/67\/revisions\/210"}],"wp:attachment":[{"href":"https:\/\/sandysun.eu\/index.php?rest_route=%2Fwp%2Fv2%2Fmedia&parent=67"}],"curies":[{"name":"wp","href":"https:\/\/api.w.org\/{rel}","templated":true}]}}