{"id":627,"date":"2021-01-30T20:39:31","date_gmt":"2021-01-30T20:39:31","guid":{"rendered":"http:\/\/sandysun.eu\/?page_id=627"},"modified":"2021-01-30T21:17:30","modified_gmt":"2021-01-30T21:17:30","slug":"the-circus-closer","status":"publish","type":"page","link":"https:\/\/sandysun.eu\/?page_id=627","title":{"rendered":"The circus closer"},"content":{"rendered":"<p style=\"text-align: left;\"><em><a href=\"http:\/\/sandysun.eu\/wp-content\/uploads\/2021\/01\/Vestibule-2809.jpg\"><img loading=\"lazy\" decoding=\"async\" class=\"  wp-image-642 alignleft\" src=\"http:\/\/sandysun.eu\/wp-content\/uploads\/2021\/01\/Vestibule-2809-212x300.jpg\" alt=\"Vestibule 28:09\" width=\"250\" height=\"354\" srcset=\"https:\/\/sandysun.eu\/wp-content\/uploads\/2021\/01\/Vestibule-2809-212x300.jpg 212w, https:\/\/sandysun.eu\/wp-content\/uploads\/2021\/01\/Vestibule-2809-724x1024.jpg 724w\" sizes=\"auto, (max-width: 250px) 100vw, 250px\" \/><\/a><\/em><strong>Le cirque de plus pr\u00e8s<\/strong><br \/>\nde et par Sandy Sun et Philippe Goudard<br \/>\nCr\u00e9ation 2018<\/p>\n<p style=\"text-align: left;\">Que touchent en nous la chor\u00e9graphie risqu\u00e9e de la trap\u00e9ziste, l&rsquo;effervescence du clown, la danse du jongleur, les bonds de l&rsquo;acrobate? Existe-t-il dans ces actions extraordinaires, hors du commun du cirque, une dimension cach\u00e9e du corps?<\/p>\n<p style=\"text-align: left;\"><em>Un artiste chercheuse ind\u00e9pendante et un universitaire artiste de cirque vous pr\u00e9sentent le cirque comme vous ne l&rsquo;avez jamais vu !<\/em><\/p>\n<p style=\"text-align: left;\"><strong>French or English versions available<br \/>\n<\/strong><\/p>\n","protected":false},"excerpt":{"rendered":"<p>Le cirque de plus pr\u00e8s de et par Sandy Sun et Philippe Goudard Cr\u00e9ation 2018 Que touchent en nous la chor\u00e9graphie risqu\u00e9e de la trap\u00e9ziste, l&rsquo;effervescence du clown, la danse du jongleur, les bonds de l&rsquo;acrobate? Existe-t-il dans ces actions &hellip; <a href=\"https:\/\/sandysun.eu\/?page_id=627\">Continuer la lecture <span class=\"meta-nav\">&rarr;<\/span><\/a><\/p>\n","protected":false},"author":1,"featured_media":0,"parent":0,"menu_order":0,"comment_status":"closed","ping_status":"open","template":"","meta":{"footnotes":""},"class_list":["post-627","page","type-page","status-publish","hentry"],"_links":{"self":[{"href":"https:\/\/sandysun.eu\/index.php?rest_route=\/wp\/v2\/pages\/627","targetHints":{"allow":["GET"]}}],"collection":[{"href":"https:\/\/sandysun.eu\/index.php?rest_route=\/wp\/v2\/pages"}],"about":[{"href":"https:\/\/sandysun.eu\/index.php?rest_route=\/wp\/v2\/types\/page"}],"author":[{"embeddable":true,"href":"https:\/\/sandysun.eu\/index.php?rest_route=\/wp\/v2\/users\/1"}],"replies":[{"embeddable":true,"href":"https:\/\/sandysun.eu\/index.php?rest_route=%2Fwp%2Fv2%2Fcomments&post=627"}],"version-history":[{"count":8,"href":"https:\/\/sandysun.eu\/index.php?rest_route=\/wp\/v2\/pages\/627\/revisions"}],"predecessor-version":[{"id":644,"href":"https:\/\/sandysun.eu\/index.php?rest_route=\/wp\/v2\/pages\/627\/revisions\/644"}],"wp:attachment":[{"href":"https:\/\/sandysun.eu\/index.php?rest_route=%2Fwp%2Fv2%2Fmedia&parent=627"}],"curies":[{"name":"wp","href":"https:\/\/api.w.org\/{rel}","templated":true}]}}