{"id":57,"date":"2015-01-28T17:22:24","date_gmt":"2015-01-28T17:22:24","guid":{"rendered":"http:\/\/sandysun.eu\/?page_id=57"},"modified":"2021-01-28T14:20:21","modified_gmt":"2021-01-28T14:20:21","slug":"creations-2","status":"publish","type":"page","link":"https:\/\/sandysun.eu\/?page_id=57","title":{"rendered":"Creations"},"content":{"rendered":"<p>Trapeze soloist, writer, performer, Sandy Sun has created and performed many shows.<\/p>\n<p>Trap\u00e8ze, existence-ciel ( creation 2018)<\/p>\n<p>Attitr\u00e9 (creation 2005)<\/p>\n<p>Contemporary trapeze dance solo (creation 1985)<\/p>\n<p>Trapeze solo (r\u00e9pertoire classique creation 1980)<\/p>\n<p><span style=\"color: #000000;\"><br \/>\n<\/span><\/p>\n","protected":false},"excerpt":{"rendered":"<p>Trapeze soloist, writer, performer, Sandy Sun has created and performed many shows. Trap\u00e8ze, existence-ciel ( creation 2018) Attitr\u00e9 (creation 2005) Contemporary trapeze dance solo (creation 1985) Trapeze solo (r\u00e9pertoire classique creation 1980)<\/p>\n","protected":false},"author":1,"featured_media":0,"parent":0,"menu_order":0,"comment_status":"closed","ping_status":"open","template":"","meta":{"footnotes":""},"class_list":["post-57","page","type-page","status-publish","hentry"],"_links":{"self":[{"href":"https:\/\/sandysun.eu\/index.php?rest_route=\/wp\/v2\/pages\/57","targetHints":{"allow":["GET"]}}],"collection":[{"href":"https:\/\/sandysun.eu\/index.php?rest_route=\/wp\/v2\/pages"}],"about":[{"href":"https:\/\/sandysun.eu\/index.php?rest_route=\/wp\/v2\/types\/page"}],"author":[{"embeddable":true,"href":"https:\/\/sandysun.eu\/index.php?rest_route=\/wp\/v2\/users\/1"}],"replies":[{"embeddable":true,"href":"https:\/\/sandysun.eu\/index.php?rest_route=%2Fwp%2Fv2%2Fcomments&post=57"}],"version-history":[{"count":7,"href":"https:\/\/sandysun.eu\/index.php?rest_route=\/wp\/v2\/pages\/57\/revisions"}],"predecessor-version":[{"id":236,"href":"https:\/\/sandysun.eu\/index.php?rest_route=\/wp\/v2\/pages\/57\/revisions\/236"}],"wp:attachment":[{"href":"https:\/\/sandysun.eu\/index.php?rest_route=%2Fwp%2Fv2%2Fmedia&parent=57"}],"curies":[{"name":"wp","href":"https:\/\/api.w.org\/{rel}","templated":true}]}}