{"id":563,"date":"2021-01-28T14:26:12","date_gmt":"2021-01-28T14:26:12","guid":{"rendered":"http:\/\/sandysun.eu\/?page_id=563"},"modified":"2021-01-28T17:16:23","modified_gmt":"2021-01-28T17:16:23","slug":"trapeze-solo","status":"publish","type":"page","link":"https:\/\/sandysun.eu\/?page_id=563","title":{"rendered":"Trapeze solo"},"content":{"rendered":"<p>La construction du premier solo de trap\u00e8ze de Sandy Sun reposait sur une succession de figures et postures de haut niveau acrobatique, respectueuses du r\u00e9pertoire classique qui lui avait \u00e9t\u00e9 transmis ou dans lequel elle m\u2019inscrivait.<br \/>\nL&rsquo;\u00e9criture consistait \u00e0 faire se succ\u00e9der un exercice apr\u00e8s l\u2019autre, mais l\u2019ordre \u00e9tait harmonieux d\u2019un point de vue acrobatique et chor\u00e9graphique. Il y avait d\u00e9j\u00e0 dans ces chor\u00e9graphies ce qu&rsquo;elle allait affirmer plus tard.<br \/>\nPar cette succession de prouesses elle cr\u00e9ait la surprise et maintenait l\u2019attention \u00e9motionnelle du public.<br \/>\nLe suspens \u00e9tait renforc\u00e9 par le travail \u00e0 grande hauteur, sans dispositif de s\u00e9curit\u00e9.<\/p>\n<p>Ce num\u00e9ro de facture classique mais d\u00e9j\u00e0 tr\u00e8s novateur lui valu une M\u00e9daille d&rsquo;Or au Festival Mondial du Cirque de Demain ( \u00e0 l&rsquo;\u00e9poque \u00ab\u00a0Bourses Louis Merlin\u00a0\u00bb) en 1980.<br \/>\nElle le pr\u00e9senta dans les plus grands cirque europ\u00e9ens.<\/p>\n<p><a href=\"https:\/\/www.youtube.com\/watch?v=dbLaHwOYH1Q\">Sandy Sun M\u00e9daille d\u2019or au Festival Mondial du Cirque de Demain<br \/>\n<\/a>(France T\u00e9l\u00e9vision, 1980)<\/p>\n","protected":false},"excerpt":{"rendered":"<p>La construction du premier solo de trap\u00e8ze de Sandy Sun reposait sur une succession de figures et postures de haut niveau acrobatique, respectueuses du r\u00e9pertoire classique qui lui avait \u00e9t\u00e9 transmis ou dans lequel elle m\u2019inscrivait. L&rsquo;\u00e9criture consistait \u00e0 faire &hellip; <a href=\"https:\/\/sandysun.eu\/?page_id=563\">Continuer la lecture <span class=\"meta-nav\">&rarr;<\/span><\/a><\/p>\n","protected":false},"author":1,"featured_media":0,"parent":0,"menu_order":0,"comment_status":"closed","ping_status":"open","template":"","meta":{"footnotes":""},"class_list":["post-563","page","type-page","status-publish","hentry"],"_links":{"self":[{"href":"https:\/\/sandysun.eu\/index.php?rest_route=\/wp\/v2\/pages\/563","targetHints":{"allow":["GET"]}}],"collection":[{"href":"https:\/\/sandysun.eu\/index.php?rest_route=\/wp\/v2\/pages"}],"about":[{"href":"https:\/\/sandysun.eu\/index.php?rest_route=\/wp\/v2\/types\/page"}],"author":[{"embeddable":true,"href":"https:\/\/sandysun.eu\/index.php?rest_route=\/wp\/v2\/users\/1"}],"replies":[{"embeddable":true,"href":"https:\/\/sandysun.eu\/index.php?rest_route=%2Fwp%2Fv2%2Fcomments&post=563"}],"version-history":[{"count":4,"href":"https:\/\/sandysun.eu\/index.php?rest_route=\/wp\/v2\/pages\/563\/revisions"}],"predecessor-version":[{"id":572,"href":"https:\/\/sandysun.eu\/index.php?rest_route=\/wp\/v2\/pages\/563\/revisions\/572"}],"wp:attachment":[{"href":"https:\/\/sandysun.eu\/index.php?rest_route=%2Fwp%2Fv2%2Fmedia&parent=563"}],"curies":[{"name":"wp","href":"https:\/\/api.w.org\/{rel}","templated":true}]}}