{"id":556,"date":"2021-01-28T14:24:00","date_gmt":"2021-01-28T14:24:00","guid":{"rendered":"http:\/\/sandysun.eu\/?page_id=556"},"modified":"2021-01-28T17:47:27","modified_gmt":"2021-01-28T17:47:27","slug":"attitre","status":"publish","type":"page","link":"https:\/\/sandysun.eu\/?page_id=556","title":{"rendered":"Attitr\u00e9"},"content":{"rendered":"<p>En 2005, Sandy Sun propose \u00e0 la jeune trap\u00e9ziste Delphine Gaillard une reprise de r\u00e9pertoire.<br \/>\nElle la dirige pour la recr\u00e9ation de son <em>Contemporary trapeze dance solo<\/em> cr\u00e9\u00e9 en 1984, sous le titre d&rsquo;<em>Attitr\u00e9.<\/em><br \/>\nPour cette r\u00e9alisation, elle sera laur\u00e9ate de la bourse \u00ab\u00a0Num\u00e9ro(s) Neuf(s)\u00a0\u00bb de la Soci\u00e9t\u00e9 des Auteurs et Compositeurs Dramatiques ( SACD) \u00e0 Paris.<\/p>\n","protected":false},"excerpt":{"rendered":"<p>En 2005, Sandy Sun propose \u00e0 la jeune trap\u00e9ziste Delphine Gaillard une reprise de r\u00e9pertoire. Elle la dirige pour la recr\u00e9ation de son Contemporary trapeze dance solo cr\u00e9\u00e9 en 1984, sous le titre d&rsquo;Attitr\u00e9. Pour cette r\u00e9alisation, elle sera laur\u00e9ate &hellip; <a href=\"https:\/\/sandysun.eu\/?page_id=556\">Continuer la lecture <span class=\"meta-nav\">&rarr;<\/span><\/a><\/p>\n","protected":false},"author":1,"featured_media":0,"parent":0,"menu_order":0,"comment_status":"closed","ping_status":"open","template":"","meta":{"footnotes":""},"class_list":["post-556","page","type-page","status-publish","hentry"],"_links":{"self":[{"href":"https:\/\/sandysun.eu\/index.php?rest_route=\/wp\/v2\/pages\/556","targetHints":{"allow":["GET"]}}],"collection":[{"href":"https:\/\/sandysun.eu\/index.php?rest_route=\/wp\/v2\/pages"}],"about":[{"href":"https:\/\/sandysun.eu\/index.php?rest_route=\/wp\/v2\/types\/page"}],"author":[{"embeddable":true,"href":"https:\/\/sandysun.eu\/index.php?rest_route=\/wp\/v2\/users\/1"}],"replies":[{"embeddable":true,"href":"https:\/\/sandysun.eu\/index.php?rest_route=%2Fwp%2Fv2%2Fcomments&post=556"}],"version-history":[{"count":4,"href":"https:\/\/sandysun.eu\/index.php?rest_route=\/wp\/v2\/pages\/556\/revisions"}],"predecessor-version":[{"id":608,"href":"https:\/\/sandysun.eu\/index.php?rest_route=\/wp\/v2\/pages\/556\/revisions\/608"}],"wp:attachment":[{"href":"https:\/\/sandysun.eu\/index.php?rest_route=%2Fwp%2Fv2%2Fmedia&parent=556"}],"curies":[{"name":"wp","href":"https:\/\/api.w.org\/{rel}","templated":true}]}}