{"id":30,"date":"2015-01-28T17:04:54","date_gmt":"2015-01-28T17:04:54","guid":{"rendered":"http:\/\/sandysun.eu\/?page_id=30"},"modified":"2021-01-28T12:15:17","modified_gmt":"2021-01-28T12:15:17","slug":"mentions-legales","status":"publish","type":"page","link":"https:\/\/sandysun.eu\/?page_id=30","title":{"rendered":"Mentions l\u00e9gales"},"content":{"rendered":"<p><strong>Utilisation et droits de reproduction<\/strong><\/p>\n<p>L\u2019utilisation et la copie des documents et informations (\u00e9l\u00e9ments graphiques compris) disponibles sur ce site sont autoris\u00e9es sous r\u00e9serve :<\/p>\n<ul>\n<li>de reproduire sur toute copie la mention du droit d\u2019auteur \u00a9 www.sandysun.eu ou du tiers titulaire des droits,<\/li>\n<li>de n\u2019utiliser ou copier de telles informations qu\u2019\u00e0 des fins d\u2019information, \u00e0 l\u2019exclusion de toutes fins commerciales sans autorisation pr\u00e9alable de Sandy Sun<\/li>\n<li>de ne modifier de quelque mani\u00e8re que ce soit les informations contenues sur ce site<\/li>\n<\/ul>\n<p>L\u2019ensemble des droits non express\u00e9ment conc\u00e9d\u00e9s aux termes des pr\u00e9sentes sont r\u00e9serv\u00e9s \u00e0 Sandy Sun \/ Catherine Dagois<\/p>\n<h4><strong>Cr\u00e9dits photographiques<\/strong><\/h4>\n<p>\u00a9Renate v.Forster\/Bilderberg; \u00a9DR; \u00a9Udo Weger; \u00a9Paul de Cordon; \u00a9Kathleen Blumenfeld;\u00a0\u00a9Kathleen Blumenfeld\/Roger Viollet ; \u00a9Jean-Noel Ferragut; \u00a9Paul Koruna; \u00a9Baptiste Boisseau; \u00a9Bernd Giebeler; \u00a9Navigo; \u00a9orf; \u00a9Andre Biro; \u00a9Berthe Judet; \u00a9Catherine Dagois; \u00a9Marc Etaix; \u00a9Marc Ginot.<\/p>\n","protected":false},"excerpt":{"rendered":"<p>Utilisation et droits de reproduction L\u2019utilisation et la copie des documents et informations (\u00e9l\u00e9ments graphiques compris) disponibles sur ce site sont autoris\u00e9es sous r\u00e9serve : de reproduire sur toute copie la mention du droit d\u2019auteur \u00a9 www.sandysun.eu ou du tiers &hellip; <a href=\"https:\/\/sandysun.eu\/?page_id=30\">Continuer la lecture <span class=\"meta-nav\">&rarr;<\/span><\/a><\/p>\n","protected":false},"author":1,"featured_media":0,"parent":0,"menu_order":0,"comment_status":"closed","ping_status":"open","template":"","meta":{"footnotes":""},"class_list":["post-30","page","type-page","status-publish","hentry"],"_links":{"self":[{"href":"https:\/\/sandysun.eu\/index.php?rest_route=\/wp\/v2\/pages\/30","targetHints":{"allow":["GET"]}}],"collection":[{"href":"https:\/\/sandysun.eu\/index.php?rest_route=\/wp\/v2\/pages"}],"about":[{"href":"https:\/\/sandysun.eu\/index.php?rest_route=\/wp\/v2\/types\/page"}],"author":[{"embeddable":true,"href":"https:\/\/sandysun.eu\/index.php?rest_route=\/wp\/v2\/users\/1"}],"replies":[{"embeddable":true,"href":"https:\/\/sandysun.eu\/index.php?rest_route=%2Fwp%2Fv2%2Fcomments&post=30"}],"version-history":[{"count":5,"href":"https:\/\/sandysun.eu\/index.php?rest_route=\/wp\/v2\/pages\/30\/revisions"}],"predecessor-version":[{"id":133,"href":"https:\/\/sandysun.eu\/index.php?rest_route=\/wp\/v2\/pages\/30\/revisions\/133"}],"wp:attachment":[{"href":"https:\/\/sandysun.eu\/index.php?rest_route=%2Fwp%2Fv2%2Fmedia&parent=30"}],"curies":[{"name":"wp","href":"https:\/\/api.w.org\/{rel}","templated":true}]}}