{"id":16,"date":"2015-01-28T17:02:17","date_gmt":"2015-01-28T17:02:17","guid":{"rendered":"http:\/\/sandysun.eu\/?page_id=16"},"modified":"2025-11-02T16:54:25","modified_gmt":"2025-11-02T16:54:25","slug":"spectacles","status":"publish","type":"page","link":"https:\/\/sandysun.eu\/?page_id=16","title":{"rendered":"Transmission"},"content":{"rendered":"<p>Sandy Sun transmet son art et son \u0153uvre d&rsquo;auteure de cirque \u00e0 d&rsquo;autres artistes ou trap\u00e9zistes \u00e0 travers un processus o\u00f9 elle propose une succession de r\u00e9sidences et ateliers.<\/p>\n<p>Elle a notamment accompagn\u00e9\u00a0 :<\/p>\n<p>Les actrices de la FAA ( Fabrique Autonome de l&rsquo;Acteur) \u00e0 Bataville (France) en 2021<\/p>\n<p>M\u00e9gane Garen\u00e7on\u00a0 <a href=\"https:\/\/chinookaerial.wixsite.com\/site\">(Chinook, Ecrits a\u00e9riens) <\/a>en 2019 pour ses cr\u00e9ations en cours.<\/p>\n<p><a href=\"http:\/\/www.romain-cabon.com\/\">Romain Cabon <\/a>entre 1996 et 2000 pendant sa formation \u00e0 l&rsquo;Acad\u00e9mie Fratellini<\/p>\n<p>Rapha\u00eblle Boitel<a href=\"https:\/\/www.youtube.com\/watch?v=lLTNPhYL8Ng\"> (<\/a><a href=\"https:\/\/www.cieloubliee.com\/\">Compagnie l&rsquo;Oubli\u00e9e)<\/a> pendant sa formation \u00e0 l&rsquo;Acad\u00e9mie Fratellini<\/p>\n<p><a href=\"https:\/\/www.youtube.com\/watch?v=lLTNPhYL8Ng\">Delphine Gaillard<\/a>\u00a0 entre 1997 et 2005<\/p>\n<p>Entre documentaire et reportage, <a href=\"https:\/\/youtu.be\/Qks_-syJn30\">Attitr\u00e9 , <\/a>un film de Badreddine Mokrani pour \u00ab\u00a0Num\u00e9ro(s) Neuf(s) SACD (2005 &#8211; 25mn), est le t\u00e9moin du travail de transmission que Sandy Sun, trap\u00e9ziste \u00e0 la carri\u00e8re internationale, offre \u00e0 son \u00e9l\u00e8ve Delphine Gaillard.<\/p>\n<p>&nbsp;<\/p>\n","protected":false},"excerpt":{"rendered":"<p>Sandy Sun transmet son art et son \u0153uvre d&rsquo;auteure de cirque \u00e0 d&rsquo;autres artistes ou trap\u00e9zistes \u00e0 travers un processus o\u00f9 elle propose une succession de r\u00e9sidences et ateliers. Elle a notamment accompagn\u00e9\u00a0 : Les actrices de la FAA ( &hellip; <a href=\"https:\/\/sandysun.eu\/?page_id=16\">Continuer la lecture <span class=\"meta-nav\">&rarr;<\/span><\/a><\/p>\n","protected":false},"author":1,"featured_media":0,"parent":14,"menu_order":0,"comment_status":"closed","ping_status":"open","template":"","meta":{"footnotes":""},"class_list":["post-16","page","type-page","status-publish","hentry"],"_links":{"self":[{"href":"https:\/\/sandysun.eu\/index.php?rest_route=\/wp\/v2\/pages\/16","targetHints":{"allow":["GET"]}}],"collection":[{"href":"https:\/\/sandysun.eu\/index.php?rest_route=\/wp\/v2\/pages"}],"about":[{"href":"https:\/\/sandysun.eu\/index.php?rest_route=\/wp\/v2\/types\/page"}],"author":[{"embeddable":true,"href":"https:\/\/sandysun.eu\/index.php?rest_route=\/wp\/v2\/users\/1"}],"replies":[{"embeddable":true,"href":"https:\/\/sandysun.eu\/index.php?rest_route=%2Fwp%2Fv2%2Fcomments&post=16"}],"version-history":[{"count":18,"href":"https:\/\/sandysun.eu\/index.php?rest_route=\/wp\/v2\/pages\/16\/revisions"}],"predecessor-version":[{"id":361,"href":"https:\/\/sandysun.eu\/index.php?rest_route=\/wp\/v2\/pages\/16\/revisions\/361"}],"up":[{"embeddable":true,"href":"https:\/\/sandysun.eu\/index.php?rest_route=\/wp\/v2\/pages\/14"}],"wp:attachment":[{"href":"https:\/\/sandysun.eu\/index.php?rest_route=%2Fwp%2Fv2%2Fmedia&parent=16"}],"curies":[{"name":"wp","href":"https:\/\/api.w.org\/{rel}","templated":true}]}}