{"id":14,"date":"2015-01-28T17:02:07","date_gmt":"2015-01-28T17:02:07","guid":{"rendered":"http:\/\/sandysun.eu\/?page_id=14"},"modified":"2021-01-28T14:35:22","modified_gmt":"2021-01-28T14:35:22","slug":"creations","status":"publish","type":"page","link":"https:\/\/sandysun.eu\/?page_id=14","title":{"rendered":"Spectacles"},"content":{"rendered":"<p>Trap\u00e9ziste soliste, auteure, interpr\u00e8te, Sandy Sun a cr\u00e9\u00e9 et interpr\u00e9t\u00e9 de nombreux spectacles jusqu&rsquo;\u00e0 ce jour :<\/p>\n<p><a href=\"http:\/\/sandysun.eu\/?page_id=278\">Trap\u00e8ze, existence-ciel ( cr\u00e9ation 2018)<\/a><\/p>\n<p>Attitr\u00e9 (cr\u00e9ation 2005)<\/p>\n<p><a href=\"http:\/\/sandysun.eu\/?page_id=560\">Contemporary trapeze dance solo (cr\u00e9ation 1985)<\/a><\/p>\n<p><a href=\"http:\/\/sandysun.eu\/?page_id=563\">Trap\u00e8ze solo (r\u00e9pertoire classique cr\u00e9ation 1980)<\/a><\/p>\n","protected":false},"excerpt":{"rendered":"<p>Trap\u00e9ziste soliste, auteure, interpr\u00e8te, Sandy Sun a cr\u00e9\u00e9 et interpr\u00e9t\u00e9 de nombreux spectacles jusqu&rsquo;\u00e0 ce jour : Trap\u00e8ze, existence-ciel ( cr\u00e9ation 2018) Attitr\u00e9 (cr\u00e9ation 2005) Contemporary trapeze dance solo (cr\u00e9ation 1985) Trap\u00e8ze solo (r\u00e9pertoire classique cr\u00e9ation 1980)<\/p>\n","protected":false},"author":1,"featured_media":0,"parent":0,"menu_order":0,"comment_status":"closed","ping_status":"open","template":"","meta":{"footnotes":""},"class_list":["post-14","page","type-page","status-publish","hentry"],"_links":{"self":[{"href":"https:\/\/sandysun.eu\/index.php?rest_route=\/wp\/v2\/pages\/14","targetHints":{"allow":["GET"]}}],"collection":[{"href":"https:\/\/sandysun.eu\/index.php?rest_route=\/wp\/v2\/pages"}],"about":[{"href":"https:\/\/sandysun.eu\/index.php?rest_route=\/wp\/v2\/types\/page"}],"author":[{"embeddable":true,"href":"https:\/\/sandysun.eu\/index.php?rest_route=\/wp\/v2\/users\/1"}],"replies":[{"embeddable":true,"href":"https:\/\/sandysun.eu\/index.php?rest_route=%2Fwp%2Fv2%2Fcomments&post=14"}],"version-history":[{"count":11,"href":"https:\/\/sandysun.eu\/index.php?rest_route=\/wp\/v2\/pages\/14\/revisions"}],"predecessor-version":[{"id":276,"href":"https:\/\/sandysun.eu\/index.php?rest_route=\/wp\/v2\/pages\/14\/revisions\/276"}],"wp:attachment":[{"href":"https:\/\/sandysun.eu\/index.php?rest_route=%2Fwp%2Fv2%2Fmedia&parent=14"}],"curies":[{"name":"wp","href":"https:\/\/api.w.org\/{rel}","templated":true}]}}