{"id":12,"date":"2015-01-28T17:01:50","date_gmt":"2015-01-28T17:01:50","guid":{"rendered":"http:\/\/sandysun.eu\/?page_id=12"},"modified":"2025-11-25T06:26:49","modified_gmt":"2025-11-25T06:26:49","slug":"parcours","status":"publish","type":"page","link":"https:\/\/sandysun.eu\/?page_id=12","title":{"rendered":"Parcours"},"content":{"rendered":"<p style=\"text-align: left;\"><a href=\"http:\/\/sandysun.eu\/wp-content\/uploads\/2015\/01\/MG1_9248.jpg\"><img loading=\"lazy\" decoding=\"async\" class=\"  wp-image-480 alignright\" src=\"http:\/\/sandysun.eu\/wp-content\/uploads\/2015\/01\/MG1_9248-200x300.jpg\" alt=\"MG1_9248\" width=\"262\" height=\"393\" srcset=\"https:\/\/sandysun.eu\/wp-content\/uploads\/2015\/01\/MG1_9248-200x300.jpg 200w, https:\/\/sandysun.eu\/wp-content\/uploads\/2015\/01\/MG1_9248-683x1024.jpg 683w\" sizes=\"auto, (max-width: 262px) 100vw, 262px\" \/><\/a>Form\u00e9e au mime et au clown (Covent Garden School, Londres, 1975), puis aux techniques du cirque (Paris, 1977), Sandy Sun est devenue soliste au trap\u00e9ze fixe et M\u00e9daill\u00e9e d\u2019Or au Festival Mondial du Cirque de Demain \u00e0 Paris en 1980.<br \/>\nLaur\u00e9ate de la Fondation Marcel Bleustein-Blanchet pour la Vocation en 1981 et du Zirkusprinsessan festival for female preformers, elle s\u2019est produite dans les plus grands cirques (Pinder \/ Jean Richard, Fratellini, Orfei, Roncalli, Archaos&#8230;) et cabarets europ\u00e9ens (Tiger Palatz, Gop, La Luna&#8230;).<br \/>\nAlliant classicisme et contemporan\u00e9it\u00e9, elle est cr\u00e9atrice d\u2019un style tr\u00e9s personnel m\u00ealant la chor\u00e9graphie contemporaine et la virtuosit\u00e9 de l\u2019agr\u00e9s classique.<br \/>\nSa carri\u00e8re de p\u00e9dagogue l\u2019a conduite \u00e0 l\u2019Acad\u00e9mie Fratellini (Paris), \u00e0 l\u2019\u00c9cole Nationale Sup\u00e9rieure du Centre National des Arts du Cirque (France), \u00e0 l\u2019\u00c9cole Nationale de Cirque de Montr\u00e9al ainsi qu\u2019\u00e0 la Compagnie Maguy Marin ou au Cirque Baobab.<br \/>\nElle est laur\u00e9ate \u00abArts du cirque\u00bb de la Soci\u00e9t\u00e9 des Auteurs et Compositeurs Dramatiques de Paris (2005).<\/p>\n<p style=\"text-align: left;\">Titulaire du Dipl\u00f4me d\u2019Etat de Professeur de cirque, charg\u00e9e de cours \u00e0 l\u2019universit\u00e9, artiste associ\u00e9e aux programmes de recherches \u00ab\u00a0Cirque : histoire, imaginaires, pratiques\u00a0\u00bb puis <a href=\"https:\/\/www.circusscience.fr\/\">\u00ab\u00a0Circus Arts&amp;Sciences\u00a0\u00bb<\/a> de l\u2019Universit\u00e9 Montpellier 3 en France, <a href=\"http:\/\/sandysun.eu\/?page_id=20\">elle publie et participe\u00a0 \u00e0 des conf\u00e9rences<\/a> internationales sur le cirque. Passionn\u00e9e par son art, elle le transmet aujourd\u2019hui aussi bien dans des master classes professionnelles qu&rsquo;\u00e0 l&rsquo;occasion de conf\u00e9rences, communications\u00a0 et publications, pour lesquelles elle est invit\u00e9e dans de nombreux pays.<br \/>\nParall\u00e8lement \u00e0 son travail de cirque, elle se consacre \u00e0 l\u2019\u00e9criture, \u00e0 la cr\u00e9ation de spectacles et au coaching artistique et corporel.<\/p>\n<p><a href=\"http:\/\/sandysun.eu\/wp-content\/uploads\/2025\/11\/SANDY_SUN_CV_resume_update_2025.pdf\">CV r\u00e9sum\u00e9<\/a><\/p>\n<p><a href=\"http:\/\/sandysun.eu\/wp-content\/uploads\/2025\/11\/Sandy_Sun_CV_Complet_Update_112025.pdf\">CV complet<\/a><\/p>\n<p><a href=\"http:\/\/sandysun.eu\/wp-content\/uploads\/2015\/01\/MG1_9248.jpg\">Photo Marc Ginot libre de droit<\/a><\/p>\n<p>&nbsp;<\/p>\n<p>&nbsp;<\/p>\n","protected":false},"excerpt":{"rendered":"<p>Form\u00e9e au mime et au clown (Covent Garden School, Londres, 1975), puis aux techniques du cirque (Paris, 1977), Sandy Sun est devenue soliste au trap\u00e9ze fixe et M\u00e9daill\u00e9e d\u2019Or au Festival Mondial du Cirque de Demain \u00e0 Paris en 1980. &hellip; <a href=\"https:\/\/sandysun.eu\/?page_id=12\">Continuer la lecture <span class=\"meta-nav\">&rarr;<\/span><\/a><\/p>\n","protected":false},"author":1,"featured_media":0,"parent":0,"menu_order":0,"comment_status":"closed","ping_status":"open","template":"","meta":{"footnotes":""},"class_list":["post-12","page","type-page","status-publish","hentry"],"_links":{"self":[{"href":"https:\/\/sandysun.eu\/index.php?rest_route=\/wp\/v2\/pages\/12","targetHints":{"allow":["GET"]}}],"collection":[{"href":"https:\/\/sandysun.eu\/index.php?rest_route=\/wp\/v2\/pages"}],"about":[{"href":"https:\/\/sandysun.eu\/index.php?rest_route=\/wp\/v2\/types\/page"}],"author":[{"embeddable":true,"href":"https:\/\/sandysun.eu\/index.php?rest_route=\/wp\/v2\/users\/1"}],"replies":[{"embeddable":true,"href":"https:\/\/sandysun.eu\/index.php?rest_route=%2Fwp%2Fv2%2Fcomments&post=12"}],"version-history":[{"count":27,"href":"https:\/\/sandysun.eu\/index.php?rest_route=\/wp\/v2\/pages\/12\/revisions"}],"predecessor-version":[{"id":819,"href":"https:\/\/sandysun.eu\/index.php?rest_route=\/wp\/v2\/pages\/12\/revisions\/819"}],"wp:attachment":[{"href":"https:\/\/sandysun.eu\/index.php?rest_route=%2Fwp%2Fv2%2Fmedia&parent=12"}],"curies":[{"name":"wp","href":"https:\/\/api.w.org\/{rel}","templated":true}]}}