{"id":10,"date":"2015-01-28T17:01:35","date_gmt":"2015-01-28T17:01:35","guid":{"rendered":"http:\/\/sandysun.eu\/?page_id=10"},"modified":"2026-01-22T21:19:24","modified_gmt":"2026-01-22T21:19:24","slug":"accueil","status":"publish","type":"page","link":"https:\/\/sandysun.eu\/","title":{"rendered":"Accueil"},"content":{"rendered":"<p><a href=\"http:\/\/sandysun.eu\/wp-content\/uploads\/2015\/01\/MG1_9248.jpg\"><img loading=\"lazy\" decoding=\"async\" class=\"alignnone  wp-image-480 alignright\" src=\"http:\/\/sandysun.eu\/wp-content\/uploads\/2015\/01\/MG1_9248-200x300.jpg\" alt=\"MG1_9248\" width=\"210\" height=\"315\" srcset=\"https:\/\/sandysun.eu\/wp-content\/uploads\/2015\/01\/MG1_9248-200x300.jpg 200w, https:\/\/sandysun.eu\/wp-content\/uploads\/2015\/01\/MG1_9248-683x1024.jpg 683w\" sizes=\"auto, (max-width: 210px) 100vw, 210px\" \/><\/a>M\u00e9daille d\u2019Or au Festival Mondial du Cirque de Demain et laur\u00e9ate de la La Fondation Marcel-Bleustein-Blanchet de la Vocation, du Zirkusprinsessan festival for female preformers et de la SACD ( \u00ab\u00a0Num\u00e9ro Neuf\u00a0\u00bb), <a href=\"http:\/\/sandysun.eu\/?page_id=24\">Sandy Sun est cr\u00e9atrice <\/a>d&rsquo;un style tr\u00e8s personnel m\u00ealant la chor\u00e9graphie contemporaine et la virtuosit\u00e9 de l\u2019agr\u00e8s classique. Soliste virtuose dans les plus grands cirques et cabarets europ\u00e9ens, f<a href=\"http:\/\/sandysun.eu\/?page_id=16\">ormatrice <\/a>dans les \u00e9coles sup\u00e9rieures professionnelles de cirque, elle transmet aujourd\u2019hui son art par des master classes.<\/p>\n<p>Titulaire du Dipl\u00f4me d&rsquo;Etat de Professeur de cirque, charg\u00e9e de cours \u00e0 l&rsquo;universit\u00e9, artiste associ\u00e9e aux programmes de recherches \u00ab\u00a0Cirque : histoire, imaginaires, pratiques\u00a0\u00bb puis <a href=\"https:\/\/www.circusscience.fr\/\">\u00ab\u00a0Circus Arts&amp;Sciences\u00a0\u00bb<\/a> de l&rsquo;Universit\u00e9 Montpellier 3 en France, <a href=\"http:\/\/sandysun.eu\/?page_id=20\">elle publie et participe\u00a0 \u00e0 des conf\u00e9rences<\/a> internationales sur le cirque.<\/p>\n<p class=\"H3vOVf\" data-hook=\"post-title\"><em>\u00ab\u00a0Sandy Sun, la trap\u00e9ziste qui a d\u00e9fi\u00e9 la chute pour mieux r\u00e9inventer le cirque\u00a0\u00bb<\/em><br \/>\n<a href=\"https:\/\/www.leshumanites-media.com\/post\/sandy-sun-la-trap%C3%A9ziste-qui-a-d%C3%A9fi%C3%A9-la-chute-pour-mieux-r%C3%A9inventer-le-cirque\">Nicolas Villodre, Les Humanit\u00e9s-M\u00e9dia, 2025.<\/a><\/p>\n<p>&nbsp;<\/p>\n","protected":false},"excerpt":{"rendered":"<p>M\u00e9daille d\u2019Or au Festival Mondial du Cirque de Demain et laur\u00e9ate de la La Fondation Marcel-Bleustein-Blanchet de la Vocation, du Zirkusprinsessan festival for female preformers et de la SACD ( \u00ab\u00a0Num\u00e9ro Neuf\u00a0\u00bb), Sandy Sun est cr\u00e9atrice d&rsquo;un style tr\u00e8s personnel &hellip; <a href=\"https:\/\/sandysun.eu\/\">Continuer la lecture <span class=\"meta-nav\">&rarr;<\/span><\/a><\/p>\n","protected":false},"author":1,"featured_media":0,"parent":0,"menu_order":0,"comment_status":"closed","ping_status":"open","template":"","meta":{"footnotes":""},"class_list":["post-10","page","type-page","status-publish","hentry"],"_links":{"self":[{"href":"https:\/\/sandysun.eu\/index.php?rest_route=\/wp\/v2\/pages\/10","targetHints":{"allow":["GET"]}}],"collection":[{"href":"https:\/\/sandysun.eu\/index.php?rest_route=\/wp\/v2\/pages"}],"about":[{"href":"https:\/\/sandysun.eu\/index.php?rest_route=\/wp\/v2\/types\/page"}],"author":[{"embeddable":true,"href":"https:\/\/sandysun.eu\/index.php?rest_route=\/wp\/v2\/users\/1"}],"replies":[{"embeddable":true,"href":"https:\/\/sandysun.eu\/index.php?rest_route=%2Fwp%2Fv2%2Fcomments&post=10"}],"version-history":[{"count":28,"href":"https:\/\/sandysun.eu\/index.php?rest_route=\/wp\/v2\/pages\/10\/revisions"}],"predecessor-version":[{"id":843,"href":"https:\/\/sandysun.eu\/index.php?rest_route=\/wp\/v2\/pages\/10\/revisions\/843"}],"wp:attachment":[{"href":"https:\/\/sandysun.eu\/index.php?rest_route=%2Fwp%2Fv2%2Fmedia&parent=10"}],"curies":[{"name":"wp","href":"https:\/\/api.w.org\/{rel}","templated":true}]}}